{"id":3,"date":"2022-04-08T15:17:48","date_gmt":"2022-04-08T15:17:48","guid":{"rendered":"http:\/\/metalworks.mx\/?page_id=3"},"modified":"2022-06-06T21:24:00","modified_gmt":"2022-06-06T21:24:00","slug":"aviso-de-privacidad","status":"publish","type":"page","link":"https:\/\/wpt.metalworks.mx\/index.php\/aviso-de-privacidad\/","title":{"rendered":"Aviso de Privacidad"},"content":{"rendered":"\t\t<div data-elementor-type=\"wp-page\" data-elementor-id=\"3\" class=\"elementor elementor-3\">\n\t\t\t\t\t\t\t\t\t<section class=\"elementor-section elementor-top-section elementor-element elementor-element-48d28b78 elementor-section-boxed elementor-section-height-default elementor-section-height-default\" data-id=\"48d28b78\" data-element_type=\"section\">\n\t\t\t\t\t\t<div class=\"elementor-container elementor-column-gap-default\">\n\t\t\t\t\t<div class=\"elementor-column elementor-col-100 elementor-top-column elementor-element elementor-element-3873ca5e\" data-id=\"3873ca5e\" data-element_type=\"column\">\n\t\t\t<div class=\"elementor-widget-wrap elementor-element-populated\">\n\t\t\t\t\t\t\t\t<div class=\"elementor-element elementor-element-3507ca7 elementor-widget elementor-widget-heading\" data-id=\"3507ca7\" data-element_type=\"widget\" data-widget_type=\"heading.default\">\n\t\t\t\t<div class=\"elementor-widget-container\">\n\t\t\t<style>\/*! elementor - v3.17.0 - 08-11-2023 *\/\n.elementor-heading-title{padding:0;margin:0;line-height:1}.elementor-widget-heading .elementor-heading-title[class*=elementor-size-]>a{color:inherit;font-size:inherit;line-height:inherit}.elementor-widget-heading .elementor-heading-title.elementor-size-small{font-size:15px}.elementor-widget-heading .elementor-heading-title.elementor-size-medium{font-size:19px}.elementor-widget-heading .elementor-heading-title.elementor-size-large{font-size:29px}.elementor-widget-heading .elementor-heading-title.elementor-size-xl{font-size:39px}.elementor-widget-heading .elementor-heading-title.elementor-size-xxl{font-size:59px}<\/style><h1 class=\"elementor-heading-title elementor-size-default\">AVISO DE PRIVACIDAD<\/h1>\t\t<\/div>\n\t\t\t\t<\/div>\n\t\t\t\t<div class=\"elementor-element elementor-element-930ba5f elementor-widget elementor-widget-text-editor\" data-id=\"930ba5f\" data-element_type=\"widget\" data-widget_type=\"text-editor.default\">\n\t\t\t\t<div class=\"elementor-widget-container\">\n\t\t\t<style>\/*! elementor - v3.17.0 - 08-11-2023 *\/\n.elementor-widget-text-editor.elementor-drop-cap-view-stacked .elementor-drop-cap{background-color:#69727d;color:#fff}.elementor-widget-text-editor.elementor-drop-cap-view-framed .elementor-drop-cap{color:#69727d;border:3px solid;background-color:transparent}.elementor-widget-text-editor:not(.elementor-drop-cap-view-default) .elementor-drop-cap{margin-top:8px}.elementor-widget-text-editor:not(.elementor-drop-cap-view-default) .elementor-drop-cap-letter{width:1em;height:1em}.elementor-widget-text-editor .elementor-drop-cap{float:left;text-align:center;line-height:1;font-size:50px}.elementor-widget-text-editor .elementor-drop-cap-letter{display:inline-block}<\/style>\t\t\t\t<p style=\"text-align: center;\">\u00daltima actualizaci\u00f3n: Junio 2022.<\/p>\t\t\t\t\t\t<\/div>\n\t\t\t\t<\/div>\n\t\t\t\t<div class=\"elementor-element elementor-element-3dcf6a08 elementor-widget elementor-widget-text-editor\" data-id=\"3dcf6a08\" data-element_type=\"widget\" data-widget_type=\"text-editor.default\">\n\t\t\t\t<div class=\"elementor-widget-container\">\n\t\t\t\t\t\t\t<!-- wp:heading -->\n<p><strong>1.- IDENTIDAD Y DOMICILIO.<\/strong><\/p>\n<p>Metal Works bajo la raz\u00f3n social de H\u00e9ctor Fern\u00e1ndez Gonzalez, con direcci\u00f3n fiscal en Calle Alfarero; Manzana 2, Lote 4, Sector V. \u2013 Crucecita; Oaxaca, C.P. 70988, es responsable de los datos personales que recaba por s\u00ed mismo y en respeto al derecho de privacidad y a la autodeterminaci\u00f3n informativa de las personas en cumplimiento a los dispuesto en la Ley Federal de Protecci\u00f3n de Datos Personales en Posesi\u00f3n de los Particulares y su Reglamento, atendiendo los principios de licitud, consentimiento, informaci\u00f3n, calidad, finalidad, lealtad, proporcionalidad y responsabilidad.<\/p>\n<p>\u00a0<\/p>\n<p><strong>2.- FINALIDAD DEL TRATAMIENTO DE DATOS PERSONALES.<\/strong><\/p>\n<p>La responsable har\u00e1 el tratamiento de los datos personales de identificaci\u00f3n, contacto, laborales, incluyendo los financieros o patrimoniales, tales como nombre completo, direcci\u00f3n, tel\u00e9fonos fijo y\/o celular, empresa para la cual labora, fecha de nacimiento, nacionalidad, lugar de nacimiento, ocupaci\u00f3n, n\u00famero, tipo y vigencia de su licencia de manejo, historial crediticio, datos de los inmuebles de su propiedad, as\u00ed como la imagen f\u00edsica que capturan las diversas c\u00e1maras de video a trav\u00e9s de cintas, que se encuentran instaladas tanto en el interior, como en el exterior de la matriz y sucursal del responsable, para los siguientes fines principales:<\/p>\n<p>a).- La ejecuci\u00f3n de todas y cada una de las operaciones y prestaci\u00f3n de servicios y la celebraci\u00f3n de los actos que pueda ejecutar METAL WORKS (H\u00e9ctor Fern\u00e1ndez Gonzalez) de acuerdo con la Ley y sus estatutos sociales.<\/p>\n<p>b).- La comercializaci\u00f3n de los productos y servicios de METAL WORKS (H\u00e9ctor Fern\u00e1ndez Gonzalez).<\/p>\n<p>c)- Informar sobre cambios que se generen en los mismos.<\/p>\n<p>d).- Ventas y asesor\u00edas por tel\u00e9fono.<\/p>\n<p>e).- Actualizarle sobre informaci\u00f3n o servicios relevantes relacionados con la informaci\u00f3n que ha solicitado.<\/p>\n<p>f).- Dar atenci\u00f3n a sus solicitudes y\/o requerimientos.<\/p>\n<p>g).- Enviar informaci\u00f3n promocionando productos y servicios.<\/p>\n<p>h).- Compartir o transferir los datos con terceros relacionados al v\u00ednculo entre el titular y METAL WORKS (H\u00e9ctor Fern\u00e1ndez Gonzalez), siempre que sean necesarios para la prestaci\u00f3n del servicio comercial y administrativo.<\/p>\n<p>De manera adicional, utilizaremos su informaci\u00f3n personal para diversas finalidades secundarias, relacionadas con las finalidades principales antes mencionadas, las cuales no son necesarias para el servicio solicitado, pero que nos permiten brindarle un mejor servicio, tales como:<\/p>\n<p>a).- La realizaci\u00f3n de encuestas y procesos anal\u00edticos que sean convenientes para la realizaci\u00f3n de las operaciones, servicios o actos inherentes a la ejecuci\u00f3n de los estatutos sociales de la empresa.<\/p>\n<p>b).- Estudios de mercado, sorteos, rifas y publicidad en general, ofrecido por o relacionado con la responsable o terceros nacionales o extranjeros, con quienes esta mantenga alianzas comerciales.<\/p>\n<p>La negativa para el uso de sus datos personales para estas finalidades no podr\u00e1 ser motivo para que le neguemos los servicios y productos que solicita o contrata con nosotros.<\/p>\n<p>METAL WORKS (H\u00e9ctor Fern\u00e1ndez Gonzalez) no maneja datos sensibles.<\/p>\n<p>En caso de que no desee que sus datos personales sean tratados para estos fines adicionales, usted puede presentar desde este momento un escrito en el domicilio se\u00f1alado en el apartado de Identidad y Domicilio manifestando lo anterior, cumpliendo con los requisitos que se establecen en el punto 3 del presente aviso de privacidad o al correo electr\u00f3nico info@metalworks.mx<\/p>\n<p><strong>3.- OPCIONES Y MEDIOS PARA LIMITAR EL USO O DIVULGACION DE LOS DATOS Y LOS MEDIOS PARA EJERCER LOS DERECHOS DE ACCESO, RECTIFICACION, CANCELACION Y OPOSICION.<\/strong><\/p>\n<p>Usted podr\u00e1 en cualquier momento limitar el uso o divulgaci\u00f3n de sus datos personales o revocar su consentimiento para dar tratamiento a sus datos personales, as\u00ed como para ejercer sus derechos ARCO (Acceso, Rectificaci\u00f3n, Cancelaci\u00f3n y Oposici\u00f3n) formulando su solicitud de limitaci\u00f3n o revocaci\u00f3n al responsable, o solicitud de derechos ARCO, en el domicilio de su Matriz ubicado en Calle Alfarero; Manzana 2, Lote 4, Sector V. \u2013 Crucecita; Oaxaca, C.P. 70988.<\/p>\n<p>La solicitud que se se\u00f1ala en el punto anterior deber\u00e1 contener cuando menos los siguientes datos y acompa\u00f1ar los documentos correspondientes:<\/p>\n<ul>\n<li>El nombre del titular y domicilio, as\u00ed como cualquier informaci\u00f3n complementaria que sirva para contactarle, incluso su correo electr\u00f3nico.<\/li>\n<li>Los documentos que acrediten la identidad o, en su caso, la representaci\u00f3n legal del titular.<\/li>\n<\/ul>\n<p>III. La descripci\u00f3n clara y precisa de los datos personales respecto de los que se busca ejercer alguno de los derechos antes mencionados y en caso de solicitar rectificaci\u00f3n de datos, deber\u00e1 acompa\u00f1ar la documentaci\u00f3n que sustente su petici\u00f3n.<\/p>\n<ul>\n<li>Cualquier otro elemento o documento que facilite la localizaci\u00f3n de los datos personales. La Responsable responder\u00e1 su Solicitud de Limitaci\u00f3n de uso o divulgaci\u00f3n o al Ejercicio de Derechos ARCO y los motivos de su decisi\u00f3n, mediante correo certificado (con costo adicional) o bien a su direcci\u00f3n de correo electr\u00f3nico, en un plazo m\u00e1ximo de 20 d\u00edas h\u00e1biles.<\/li>\n<\/ul>\n<p>El ejercicio de su derecho de limitaci\u00f3n de uso o divulgaci\u00f3n o de los Derechos ARCO ser\u00e1 gratuito, pero Usted deber\u00e1 de cubrir los gastos justificados de env\u00edo de la documentaci\u00f3n en caso de necesitarse.<\/p>\n<p><strong>4.-TRANSFERENCIA DE DATOS.<\/strong><\/p>\n<p>Para el cumplimiento de este aviso de privacidad, la responsable requiere efectuar transferencias de los datos personales dentro de la Rep\u00fablica Mexicana, por lo que se compromete a velar porque se cumplan todos los principios legales de protecci\u00f3n a la transferencia de datos personales y presenta su compromiso para que se respeten en todo momento por parte de METAL WORKS (H\u00e9ctor Fern\u00e1ndez Gonzalez) y sus socios comerciales, por lo que el titular de los datos acepta la transferencia de datos, el responsable transferir\u00e1 los datos personales a terceros nacionales, comunicar\u00e1 a dichos terceros el contenido \u00edntegro de este aviso y la finalidades a las que el titular sujeto su tratamiento, el cual asumir\u00e1 las mismas obligaciones que corresponden al responsable que transfiere los datos, haciendo su tratamiento congruente y apegado al presente aviso de privacidad.<\/p>\n<p>La transferencia de datos nacional, podr\u00e1 llevarse a cabo a favor de:<\/p>\n<p>I.- Administren programas de lealtad.<\/p>\n<p>II.- Socios comerciales del responsable, con la finalidad de que estos administren y operen servicios adicionales a los del responsable.<\/p>\n<p>III.- Sociedades o terceros que operen en forma conjunta con el responsable alg\u00fan producto, servicio o cualquier software o infraestructura inform\u00e1tica que sirva como plataforma para la realizaci\u00f3n de operaciones o servicios.<\/p>\n<p>IV.- Terceros prestadores de servicios o vendedores de productos necesarios para la operaci\u00f3n de la responsable, as\u00ed como comisionistas que realicen operaciones o brinden servicios a la responsable que esta pueda realizar de acuerdo con la legislaci\u00f3n vigente y sus estatutos sociales, como son, entre otros, comisionistas, procesadores de datos, empresas de env\u00edo de material de marketing, empresas de mensajer\u00eda, de seguridad, transporte de valores, agencias de publicidad, guarda de informaci\u00f3n, con el prop\u00f3sito de que estos asistan en la realizaci\u00f3n de las finalidades previstas en este aviso de privacidad.<\/p>\n<p>V.- Profesionistas, asesores o consultores externos, para efecto de la administraci\u00f3n de operaciones de venta, servicios y de los dem\u00e1s actos que la responsable pueda realizar de conformidad con la legislaci\u00f3n vigente y sus estatutos sociales, as\u00ed como para la defensa de sus intereses ante cualquier controversia legal que surja con motivo de dichas operaciones y servicios, tales como agencias de cobranza, auditores externos, legales, contables, etc.<\/p>\n<p>VI.- Empresas que presten servicios de protecci\u00f3n y validaci\u00f3n de cheques, respecto de las operaciones comerciales que realice usted con el responsable y el pago se realice a trav\u00e9s de dicho medio.<\/p>\n<p>VII.- Todas aquellas dependencias gubernamentales y\/o judiciales que por ministerio de ley soliciten y\/o requieran de la responsable datos personales de sus clientes y\/o familiares, necesarias para el cumplimiento de diversas legislaciones.<\/p>\n<p>Si usted no exhibe su oposici\u00f3n para que sus datos personales sean transferidos a los terceros y finalidades antes se\u00f1alados, usted puede presentar desde este momento un escrito en el domicilio se\u00f1alado en el apartado de Identidad y Domicilio manifestando lo anterior, cumpliendo con los requisitos que se establecen en el punto 3 del presente aviso de privacidad o al correo electr\u00f3nico correo electr\u00f3nico a la direcci\u00f3n info@metalworks.mx<\/p>\n<p><strong>5.- PROCEDIMIENTO Y MEDIOS POR LOS CUALES EL RESPONSABLE COMUNICARA A LOS TITULARES DE CAMBIOS AL AVISO DE PRIVACIDAD.<\/strong><\/p>\n<p>Nos reservamos el derecho de efectuar en cualquier momento cambios o modificaciones al presente aviso de privacidad, ya sea para la atenci\u00f3n de novedades legislativas, regulatorias o jurisprudenciales, pol\u00edticas internas, pr\u00e1cticas del mercado o por cualquier otra raz\u00f3n.<\/p>\n<p>Cualquier cambio que se realice a este aviso de privacidad, ser\u00e1 incorporado al mismo por la responsable y ser\u00e1 dado a conocer a trav\u00e9s de cualquiera de los siguientes medios:<\/p>\n<p>I.- Anuncios visibles en nuestros establecimientos<\/p>\n<p>II.- Tr\u00edpticos o folletos disponibles en nuestros establecimientos<\/p>\n<p>III.- En nuestra p\u00e1gina de internet: www.metalworks.mx<\/p>\n<p>IV.- Personalmente<\/p>\n<p>V.- Por correo electr\u00f3nico<\/p>\n<p>VI.- Por correo ordinario<\/p>\n<p><strong>6.- CANCELACI\u00d3N Y SUSPENSI\u00d3N DE DATOS PERSONALES.<\/strong><\/p>\n<p>La Responsable proceder\u00e1 a cancelar y efectuar la suspensi\u00f3n previo bloqueo de los datos personales una vez que cumplan con la finalidad que justific\u00f3 su tratamiento, siempre que no exista raz\u00f3n legal para no realizar dicha cancelaci\u00f3n.<\/p>\n<p><strong>7.- COOKIES Y WEB BEACONS.<\/strong><\/p>\n<p>Se informa que la p\u00e1gina www.metalworks.mx maneja cookies y web beacons que son estrictamente necesarios por motivos t\u00e9cnicos de operaci\u00f3n, lo anterior para efecto de no hacer vulnerable la seguridad de la p\u00e1gina de internet; por lo que de conformidad con el \u00faltimo p\u00e1rrafo del art\u00edculo Trig\u00e9simo Primero de los Lineamientos para el Aviso de Privacidad expedido por la Secretar\u00eda de Econom\u00eda, dichas tecnolog\u00edas no pueden ser desactivadas.<\/p>\n<p>Si usted presume de alguna irregularidad en el tratamiento de sus datos personales o existe alguna violaci\u00f3n a las disposiciones previstas en la Ley Federal de Protecci\u00f3n de Datos Personales en Posesi\u00f3n de los Particulares, recuerde que podr\u00e1 interponer la queja o denuncia correspondiente ante el Instituto Nacional de Transparencia, Acceso a la Informaci\u00f3n y Protecci\u00f3n de Datos Personales (INAI). Para mayor informaci\u00f3n, puede visitar la p\u00e1gina de internet\u00a0www.inai.org.mx<\/p>\n<p><strong>8.- CERTIFICADO DE SEGURIDAD.<\/strong><\/p>\n<p>En la p\u00e1gina www.metalworks.mx contamos con el servicio de candado de seguridad SSL para proteger la informaci\u00f3n la informaci\u00f3n del usuario, la cual se hace visible en la direcci\u00f3n de dominio: https:\/\/metalworks.mx\/, lo cual garantiza los puntos antes mencionados.<\/p>\n<p><strong>9.- ACEPTACI\u00d3N DE LOS T\u00c9RMINOS<\/strong><\/p>\n<p>Esta declaraci\u00f3n de privacidad est\u00e1 sujeta a los t\u00e9rminos y condiciones de METAL WORKS (H\u00e9ctor Fern\u00e1ndez Gonzalez), lo cual constituye un acuerdo legal entre el usuario y www.metalworks.mx<\/p>\n<p>En el momento que el cliente\/usuario utilice nuestros servicios, significa que ha le\u00eddo, entendido y acordado los t\u00e9rminos antes expuestos.<\/p>\n<!-- \/wp:paragraph -->\t\t\t\t\t\t<\/div>\n\t\t\t\t<\/div>\n\t\t\t\t\t<\/div>\n\t\t<\/div>\n\t\t\t\t\t\t\t<\/div>\n\t\t<\/section>\n\t\t\t\t\t\t\t<\/div>\n\t\t","protected":false},"excerpt":{"rendered":"<p>AVISO DE PRIVACIDAD \u00daltima actualizaci\u00f3n: Junio 2022. 1.- IDENTIDAD Y DOMICILIO. Metal Works bajo la raz\u00f3n social de H\u00e9ctor Fern\u00e1ndez Gonzalez, con direcci\u00f3n fiscal en Calle Alfarero; Manzana 2, Lote 4, Sector V. \u2013 Crucecita; Oaxaca, C.P. 70988, es responsable de los datos personales que recaba por s\u00ed mismo y en respeto al derecho de [&hellip;]<\/p>\n","protected":false},"author":1,"featured_media":0,"parent":0,"menu_order":0,"comment_status":"closed","ping_status":"open","template":"","meta":{"footnotes":""},"yoast_head":"<!-- This site is optimized with the Yoast SEO plugin v21.6 - https:\/\/yoast.com\/wordpress\/plugins\/seo\/ -->\n<title>Aviso de Privacidad - MetalWorks<\/title>\n<meta name=\"robots\" content=\"noindex, follow, max-snippet:-1, max-image-preview:large, max-video-preview:-1\" \/>\n<meta property=\"og:locale\" content=\"es_ES\" \/>\n<meta property=\"og:type\" content=\"article\" \/>\n<meta property=\"og:title\" content=\"Aviso de Privacidad - MetalWorks\" \/>\n<meta property=\"og:description\" content=\"AVISO DE PRIVACIDAD \u00daltima actualizaci\u00f3n: Junio 2022. 1.- IDENTIDAD Y DOMICILIO. Metal Works bajo la raz\u00f3n social de H\u00e9ctor Fern\u00e1ndez Gonzalez, con direcci\u00f3n fiscal en Calle Alfarero; Manzana 2, Lote 4, Sector V. \u2013 Crucecita; Oaxaca, C.P. 70988, es responsable de los datos personales que recaba por s\u00ed mismo y en respeto al derecho de [&hellip;]\" \/>\n<meta property=\"og:url\" content=\"https:\/\/wpt.metalworks.mx\/index.php\/aviso-de-privacidad\/\" \/>\n<meta property=\"og:site_name\" content=\"MetalWorks\" \/>\n<meta property=\"article:modified_time\" content=\"2022-06-06T21:24:00+00:00\" \/>\n<meta name=\"twitter:card\" content=\"summary_large_image\" \/>\n<meta name=\"twitter:label1\" content=\"Tiempo de lectura\" \/>\n\t<meta name=\"twitter:data1\" content=\"9 minutos\" \/>\n<script type=\"application\/ld+json\" class=\"yoast-schema-graph\">{\"@context\":\"https:\/\/schema.org\",\"@graph\":[{\"@type\":\"WebPage\",\"@id\":\"https:\/\/wpt.metalworks.mx\/index.php\/aviso-de-privacidad\/\",\"url\":\"https:\/\/wpt.metalworks.mx\/index.php\/aviso-de-privacidad\/\",\"name\":\"Aviso de Privacidad - MetalWorks\",\"isPartOf\":{\"@id\":\"https:\/\/wpt.metalworks.mx\/#website\"},\"datePublished\":\"2022-04-08T15:17:48+00:00\",\"dateModified\":\"2022-06-06T21:24:00+00:00\",\"breadcrumb\":{\"@id\":\"https:\/\/wpt.metalworks.mx\/index.php\/aviso-de-privacidad\/#breadcrumb\"},\"inLanguage\":\"es\",\"potentialAction\":[{\"@type\":\"ReadAction\",\"target\":[\"https:\/\/wpt.metalworks.mx\/index.php\/aviso-de-privacidad\/\"]}]},{\"@type\":\"BreadcrumbList\",\"@id\":\"https:\/\/wpt.metalworks.mx\/index.php\/aviso-de-privacidad\/#breadcrumb\",\"itemListElement\":[{\"@type\":\"ListItem\",\"position\":1,\"name\":\"Portada\",\"item\":\"https:\/\/wpt.metalworks.mx\/\"},{\"@type\":\"ListItem\",\"position\":2,\"name\":\"Aviso de Privacidad\"}]},{\"@type\":\"WebSite\",\"@id\":\"https:\/\/wpt.metalworks.mx\/#website\",\"url\":\"https:\/\/wpt.metalworks.mx\/\",\"name\":\"MetalWorks\",\"description\":\"Producci\u00f3n, fabricaci\u00f3n y ensamble de piezas de metal\",\"publisher\":{\"@id\":\"https:\/\/wpt.metalworks.mx\/#organization\"},\"potentialAction\":[{\"@type\":\"SearchAction\",\"target\":{\"@type\":\"EntryPoint\",\"urlTemplate\":\"https:\/\/wpt.metalworks.mx\/?s={search_term_string}\"},\"query-input\":\"required name=search_term_string\"}],\"inLanguage\":\"es\"},{\"@type\":\"Organization\",\"@id\":\"https:\/\/wpt.metalworks.mx\/#organization\",\"name\":\"MetalWorks\",\"url\":\"https:\/\/wpt.metalworks.mx\/\",\"logo\":{\"@type\":\"ImageObject\",\"inLanguage\":\"es\",\"@id\":\"https:\/\/wpt.metalworks.mx\/#\/schema\/logo\/image\/\",\"url\":\"https:\/\/wpt.metalworks.mx\/wp-content\/uploads\/2022\/04\/logo_1_sinfondo.png\",\"contentUrl\":\"https:\/\/wpt.metalworks.mx\/wp-content\/uploads\/2022\/04\/logo_1_sinfondo.png\",\"width\":100,\"height\":100,\"caption\":\"MetalWorks\"},\"image\":{\"@id\":\"https:\/\/wpt.metalworks.mx\/#\/schema\/logo\/image\/\"}}]}<\/script>\n<!-- \/ Yoast SEO plugin. -->","yoast_head_json":{"title":"Aviso de Privacidad - MetalWorks","robots":{"index":"noindex","follow":"follow","max-snippet":"max-snippet:-1","max-image-preview":"max-image-preview:large","max-video-preview":"max-video-preview:-1"},"og_locale":"es_ES","og_type":"article","og_title":"Aviso de Privacidad - MetalWorks","og_description":"AVISO DE PRIVACIDAD \u00daltima actualizaci\u00f3n: Junio 2022. 1.- IDENTIDAD Y DOMICILIO. Metal Works bajo la raz\u00f3n social de H\u00e9ctor Fern\u00e1ndez Gonzalez, con direcci\u00f3n fiscal en Calle Alfarero; Manzana 2, Lote 4, Sector V. \u2013 Crucecita; Oaxaca, C.P. 70988, es responsable de los datos personales que recaba por s\u00ed mismo y en respeto al derecho de [&hellip;]","og_url":"https:\/\/wpt.metalworks.mx\/index.php\/aviso-de-privacidad\/","og_site_name":"MetalWorks","article_modified_time":"2022-06-06T21:24:00+00:00","twitter_card":"summary_large_image","twitter_misc":{"Tiempo de lectura":"9 minutos"},"schema":{"@context":"https:\/\/schema.org","@graph":[{"@type":"WebPage","@id":"https:\/\/wpt.metalworks.mx\/index.php\/aviso-de-privacidad\/","url":"https:\/\/wpt.metalworks.mx\/index.php\/aviso-de-privacidad\/","name":"Aviso de Privacidad - MetalWorks","isPartOf":{"@id":"https:\/\/wpt.metalworks.mx\/#website"},"datePublished":"2022-04-08T15:17:48+00:00","dateModified":"2022-06-06T21:24:00+00:00","breadcrumb":{"@id":"https:\/\/wpt.metalworks.mx\/index.php\/aviso-de-privacidad\/#breadcrumb"},"inLanguage":"es","potentialAction":[{"@type":"ReadAction","target":["https:\/\/wpt.metalworks.mx\/index.php\/aviso-de-privacidad\/"]}]},{"@type":"BreadcrumbList","@id":"https:\/\/wpt.metalworks.mx\/index.php\/aviso-de-privacidad\/#breadcrumb","itemListElement":[{"@type":"ListItem","position":1,"name":"Portada","item":"https:\/\/wpt.metalworks.mx\/"},{"@type":"ListItem","position":2,"name":"Aviso de Privacidad"}]},{"@type":"WebSite","@id":"https:\/\/wpt.metalworks.mx\/#website","url":"https:\/\/wpt.metalworks.mx\/","name":"MetalWorks","description":"Producci\u00f3n, fabricaci\u00f3n y ensamble de piezas de metal","publisher":{"@id":"https:\/\/wpt.metalworks.mx\/#organization"},"potentialAction":[{"@type":"SearchAction","target":{"@type":"EntryPoint","urlTemplate":"https:\/\/wpt.metalworks.mx\/?s={search_term_string}"},"query-input":"required name=search_term_string"}],"inLanguage":"es"},{"@type":"Organization","@id":"https:\/\/wpt.metalworks.mx\/#organization","name":"MetalWorks","url":"https:\/\/wpt.metalworks.mx\/","logo":{"@type":"ImageObject","inLanguage":"es","@id":"https:\/\/wpt.metalworks.mx\/#\/schema\/logo\/image\/","url":"https:\/\/wpt.metalworks.mx\/wp-content\/uploads\/2022\/04\/logo_1_sinfondo.png","contentUrl":"https:\/\/wpt.metalworks.mx\/wp-content\/uploads\/2022\/04\/logo_1_sinfondo.png","width":100,"height":100,"caption":"MetalWorks"},"image":{"@id":"https:\/\/wpt.metalworks.mx\/#\/schema\/logo\/image\/"}}]}},"_links":{"self":[{"href":"https:\/\/wpt.metalworks.mx\/index.php\/wp-json\/wp\/v2\/pages\/3"}],"collection":[{"href":"https:\/\/wpt.metalworks.mx\/index.php\/wp-json\/wp\/v2\/pages"}],"about":[{"href":"https:\/\/wpt.metalworks.mx\/index.php\/wp-json\/wp\/v2\/types\/page"}],"author":[{"embeddable":true,"href":"https:\/\/wpt.metalworks.mx\/index.php\/wp-json\/wp\/v2\/users\/1"}],"replies":[{"embeddable":true,"href":"https:\/\/wpt.metalworks.mx\/index.php\/wp-json\/wp\/v2\/comments?post=3"}],"version-history":[{"count":14,"href":"https:\/\/wpt.metalworks.mx\/index.php\/wp-json\/wp\/v2\/pages\/3\/revisions"}],"predecessor-version":[{"id":1618,"href":"https:\/\/wpt.metalworks.mx\/index.php\/wp-json\/wp\/v2\/pages\/3\/revisions\/1618"}],"wp:attachment":[{"href":"https:\/\/wpt.metalworks.mx\/index.php\/wp-json\/wp\/v2\/media?parent=3"}],"curies":[{"name":"wp","href":"https:\/\/api.w.org\/{rel}","templated":true}]}}